{"id":218754,"date":"2019-11-12T11:14:34","date_gmt":"2019-11-12T10:14:34","guid":{"rendered":"https:\/\/www.dianni.at\/?post_type=product&#038;p=218754"},"modified":"2021-05-24T21:24:04","modified_gmt":"2021-05-24T19:24:04","slug":"hanna","status":"publish","type":"product","link":"https:\/\/www.dianni.at\/en\/shop\/hanna\/","title":{"rendered":"Hanna"},"content":{"rendered":"<p><strong>SMALL<\/strong> Brustumfang: 84 cm | Taillenumfang: 66 cm | H\u00fcftumfang: 90 cm<br \/>\n<strong>MEDIUM<\/strong> Brustumfang: 92 cm | Taillenumfang: 74 cm | H\u00fcftumfang: 98 cm<br \/>\n<strong>LARGE<\/strong> Brustumfang: 100 cm | Taillenumfang: 82 cm | H\u00fcftumfang: 106 cm<\/p>\n<p>We will be happy to take account of your individual measurements. Please note your bust, waist and hip girth in the comments on the checkout page.<\/p>","protected":false},"excerpt":{"rendered":"<p>Kleid mit weitem Rundhalsausschnitt und Dreiviertel\u00e4rmeln. Die auff\u00e4lligen Taschen im Vorderteil machen das Kleid zu einer echten Besonderheit. Durch den breiten G\u00fcrtel wird der Look perfekt abgerundet. Erh\u00e4ltlich in Gletscher-Grau, Champagner-Ocker, Flamingo-Rosa, Attersee-T\u00fcrkis und Bordeaux-Rot.<\/p>\n<p><strong>COMPOSITION<\/strong><br \/>\n70 % CO, 26 % PE, 4 % LUR<\/p>\n<p><strong>Laundry Instructions<\/strong><br \/>\nWash with 30\u00b0 C (86\u00b0 F)<\/p>","protected":false},"featured_media":218734,"template":"","meta":{"_et_pb_use_builder":"","_et_pb_old_content":"","_et_gb_content_width":""},"product_brand":[],"product_cat":[26],"product_tag":[27],"class_list":{"0":"post-218754","1":"product","2":"type-product","3":"status-publish","4":"has-post-thumbnail","6":"product_cat-kleider","7":"product_tag-kleid","9":"first","10":"instock","11":"taxable","12":"shipping-taxable","13":"purchasable","14":"product-type-variable","15":"has-default-attributes"},"_links":{"self":[{"href":"https:\/\/www.dianni.at\/en\/wp-json\/wp\/v2\/product\/218754","targetHints":{"allow":["GET"]}}],"collection":[{"href":"https:\/\/www.dianni.at\/en\/wp-json\/wp\/v2\/product"}],"about":[{"href":"https:\/\/www.dianni.at\/en\/wp-json\/wp\/v2\/types\/product"}],"wp:featuredmedia":[{"embeddable":true,"href":"https:\/\/www.dianni.at\/en\/wp-json\/wp\/v2\/media\/218734"}],"wp:attachment":[{"href":"https:\/\/www.dianni.at\/en\/wp-json\/wp\/v2\/media?parent=218754"}],"wp:term":[{"taxonomy":"product_brand","embeddable":true,"href":"https:\/\/www.dianni.at\/en\/wp-json\/wp\/v2\/product_brand?post=218754"},{"taxonomy":"product_cat","embeddable":true,"href":"https:\/\/www.dianni.at\/en\/wp-json\/wp\/v2\/product_cat?post=218754"},{"taxonomy":"product_tag","embeddable":true,"href":"https:\/\/www.dianni.at\/en\/wp-json\/wp\/v2\/product_tag?post=218754"}],"curies":[{"name":"wp","href":"https:\/\/api.w.org\/{rel}","templated":true}]}}